{"id":74,"date":"2013-06-27T13:42:07","date_gmt":"2013-06-27T13:42:07","guid":{"rendered":"http:\/\/alana7.webfactional.com\/?page_id=74"},"modified":"2015-12-01T17:31:37","modified_gmt":"2015-12-01T17:31:37","slug":"imprensa","status":"publish","type":"page","link":"https:\/\/muitoalemdopeso.com.br\/en\/clipping\/","title":{"rendered":"Clipping"},"content":{"rendered":"<p><strong>Assessoria de Imprensa<\/strong><br \/>\n<a href=\"mailto:contato@fernandathompson.com.br\">contato@fernandathompson.com.br<\/a><\/p>\n<p><a title=\"Not\u00edcia . Muito Al\u00e9m do Peso: document\u00e1rio obrigat\u00f3rio (especialmente para pais e m\u00e3es)\" href=\"http:\/\/gastrolandia.uol.com.br\/noticias\/muito-alem-do-peso-um-documentario-obrigatorio-especialmente-para-pais-e-maes\/\" target=\"_blank\"><strong>Grastrol\u00e2ndia<\/strong> . Muito Al\u00e9m do Peso: document\u00e1rio obrigat\u00f3rio (especialmente para pais e m\u00e3es)<br \/>\n<\/a>07.02.13<\/p>\n<p><a title=\"Artigo . Cristiane Segatto . \" href=\"http:\/\/revistaepoca.globo.com\/Saude-e-bem-estar\/cristiane-segatto\/noticia\/2012\/11\/e-cebola-rabanete-abacate.html\" target=\"_blank\"><strong>Revista \u00c9poca<\/strong> . &#8220;\u00c9 cebola? Rabanete? Abacate?&#8221;<\/a><br \/>\n09.11.12<\/p>\n<p><a title=\"ENTREVISTA EXCLUSIVA: ESTELA RENNER (\u201cMUITO AL\u00c9M DO PESO\u201d) - Blog 2001 V\u00eddeo\" href=\"http:\/\/2001video.empresarial.ws\/blog\/?p=9648\" target=\"_blank\"><strong>Entrevista exclusiva: Estela Renner &#8211; Blog 2001 V\u00eddeo<\/strong><\/a><br \/>\n13.05.13<\/p>\n","protected":false},"excerpt":{"rendered":"<p>Assessoria de Imprensa contato@fernandathompson.com.br Grastrol\u00e2ndia . Muito Al\u00e9m do Peso: document\u00e1rio obrigat\u00f3rio (especialmente para pais e m\u00e3es) 07.02.13 Revista \u00c9poca . &#8220;\u00c9 cebola? Rabanete? Abacate?&#8221; 09.11.12 Entrevista exclusiva: Estela Renner &#8211; Blog 2001 V\u00eddeo 13.05.13<\/p>\n","protected":false},"author":6,"featured_media":0,"parent":0,"menu_order":0,"comment_status":"closed","ping_status":"closed","template":"template-fullwidth.php","meta":{"footnotes":""},"class_list":["post-74","page","type-page","status-publish","hentry"],"_links":{"self":[{"href":"https:\/\/muitoalemdopeso.com.br\/en\/wp-json\/wp\/v2\/pages\/74"}],"collection":[{"href":"https:\/\/muitoalemdopeso.com.br\/en\/wp-json\/wp\/v2\/pages"}],"about":[{"href":"https:\/\/muitoalemdopeso.com.br\/en\/wp-json\/wp\/v2\/types\/page"}],"author":[{"embeddable":true,"href":"https:\/\/muitoalemdopeso.com.br\/en\/wp-json\/wp\/v2\/users\/6"}],"replies":[{"embeddable":true,"href":"https:\/\/muitoalemdopeso.com.br\/en\/wp-json\/wp\/v2\/comments?post=74"}],"version-history":[{"count":16,"href":"https:\/\/muitoalemdopeso.com.br\/en\/wp-json\/wp\/v2\/pages\/74\/revisions"}],"predecessor-version":[{"id":264,"href":"https:\/\/muitoalemdopeso.com.br\/en\/wp-json\/wp\/v2\/pages\/74\/revisions\/264"}],"wp:attachment":[{"href":"https:\/\/muitoalemdopeso.com.br\/en\/wp-json\/wp\/v2\/media?parent=74"}],"curies":[{"name":"wp","href":"https:\/\/api.w.org\/{rel}","templated":true}]}}