{"id":129,"date":"2013-06-28T19:41:39","date_gmt":"2013-06-28T19:41:39","guid":{"rendered":"http:\/\/alana7.webfactional.com\/?page_id=129"},"modified":"2015-12-01T17:30:45","modified_gmt":"2015-12-01T17:30:45","slug":"participe","status":"publish","type":"page","link":"https:\/\/muitoalemdopeso.com.br\/es\/colabora\/","title":{"rendered":"Colabora"},"content":{"rendered":"<p>El documental <em>Mucho All\u00e1 del Peso<\/em> presenta\u00a0en un cuadro alarmante: uno de cada tres ni\u00f1os brasile\u00f1os ya est\u00e1 con sobrepeso, y un 15% son obesos.<\/p>\n<p>Usted puede contribuir directamente a revertir esta situaci\u00f3n fomentando a los dem\u00e1s a repensar nuestra forma de comer a trav\u00e9s de debates y proyecciones p\u00fablicas del documental.<\/p>\n<p>Para participar, p\u00f3ngase en contacto con\u00a0<a href=\"mailto:voluntariado@alana.org.br\" target=\"_blank\">voluntariado@alana.org.br<\/a><\/p>\n","protected":false},"excerpt":{"rendered":"<p>El documental Mucho All\u00e1 del Peso presenta\u00a0en un cuadro alarmante: uno de cada tres ni\u00f1os brasile\u00f1os ya est\u00e1 con sobrepeso, y un 15% son obesos. Usted puede contribuir directamente a revertir esta situaci\u00f3n fomentando a los dem\u00e1s a repensar nuestra forma de comer a trav\u00e9s de debates y proyecciones p\u00fablicas del documental. Para participar, p\u00f3ngase [&hellip;]<\/p>\n","protected":false},"author":6,"featured_media":0,"parent":0,"menu_order":0,"comment_status":"closed","ping_status":"closed","template":"template-fullwidth.php","meta":{"footnotes":""},"class_list":["post-129","page","type-page","status-publish","hentry"],"_links":{"self":[{"href":"https:\/\/muitoalemdopeso.com.br\/es\/wp-json\/wp\/v2\/pages\/129"}],"collection":[{"href":"https:\/\/muitoalemdopeso.com.br\/es\/wp-json\/wp\/v2\/pages"}],"about":[{"href":"https:\/\/muitoalemdopeso.com.br\/es\/wp-json\/wp\/v2\/types\/page"}],"author":[{"embeddable":true,"href":"https:\/\/muitoalemdopeso.com.br\/es\/wp-json\/wp\/v2\/users\/6"}],"replies":[{"embeddable":true,"href":"https:\/\/muitoalemdopeso.com.br\/es\/wp-json\/wp\/v2\/comments?post=129"}],"version-history":[{"count":13,"href":"https:\/\/muitoalemdopeso.com.br\/es\/wp-json\/wp\/v2\/pages\/129\/revisions"}],"predecessor-version":[{"id":262,"href":"https:\/\/muitoalemdopeso.com.br\/es\/wp-json\/wp\/v2\/pages\/129\/revisions\/262"}],"wp:attachment":[{"href":"https:\/\/muitoalemdopeso.com.br\/es\/wp-json\/wp\/v2\/media?parent=129"}],"curies":[{"name":"wp","href":"https:\/\/api.w.org\/{rel}","templated":true}]}}